{"id":8393,"date":"2024-07-23T21:55:27","date_gmt":"2024-07-23T14:55:27","guid":{"rendered":"https:\/\/omina.com.vn\/?post_type=product&#038;p=8393"},"modified":"2025-09-11T07:50:19","modified_gmt":"2025-09-11T00:50:19","slug":"dau-noi-m8-female-90-a-cod-murrelektronik-7000-08081-6100500","status":"publish","type":"product","link":"https:\/\/omina.com.vn\/en\/product\/dau-noi-m8-female-90-a-cod-murrelektronik-7000-08081-6100500\/","title":{"rendered":"\u0110\u1ea7u n\u1ed1i M8 female 90\u00b0 A-cod Murrelektronik 7000-08081-6100500"},"content":{"rendered":"<p><strong>\u0110\u1ea7u n\u1ed1i M8 female 90\u00b0 A-cod Murrelektronik 7000-08081-6100500<\/strong> l\u00e0 \u0111\u1ea7u n\u1ed1i 90\u00b0 d\u00f9ng cho c\u1ea3m bi\u1ebfn, c\u00f3 c\u00e1p, M8, female (\u0111\u1ea7u n\u1ed1i c\u00e1i), <a href=\"https:\/\/en.wikipedia.org\/wiki\/IEC_metric_screw_sized_connectors\">A-cod.<\/a>, 3 ch\u00e2n. C\u00e1p d\u00e0i 5 m\u00e9t<\/p>\n<p>(PVC 3&#215;0.25 bk UL\/CSA 5m)<\/p>\n<p><img loading=\"lazy\" decoding=\"async\" class=\"alignnone wp-image-8394\" src=\"https:\/\/omina.com.vn\/wp-content\/uploads\/sites\/2\/2024\/07\/Dau-noi-M8-female-90\u00b0-A-cod-Murrelektronik-7000-08081-6100500-detail.png\" alt=\"\u0110\u1ea7u n\u1ed1i M8 female 90\u00b0 A-cod Murrelektronik 7000-08081-6100500 - chi ti\u1ebft\" width=\"800\" height=\"559\" srcset=\"https:\/\/omina.com.vn\/wp-content\/uploads\/sites\/2\/2024\/07\/Dau-noi-M8-female-90\u00b0-A-cod-Murrelektronik-7000-08081-6100500-detail.png 1050w, https:\/\/omina.com.vn\/wp-content\/uploads\/sites\/2\/2024\/07\/Dau-noi-M8-female-90\u00b0-A-cod-Murrelektronik-7000-08081-6100500-detail-300x210.png 300w, https:\/\/omina.com.vn\/wp-content\/uploads\/sites\/2\/2024\/07\/Dau-noi-M8-female-90\u00b0-A-cod-Murrelektronik-7000-08081-6100500-detail-1024x716.png 1024w, https:\/\/omina.com.vn\/wp-content\/uploads\/sites\/2\/2024\/07\/Dau-noi-M8-female-90\u00b0-A-cod-Murrelektronik-7000-08081-6100500-detail-768x537.png 768w, https:\/\/omina.com.vn\/wp-content\/uploads\/sites\/2\/2024\/07\/Dau-noi-M8-female-90\u00b0-A-cod-Murrelektronik-7000-08081-6100500-detail-150x105.png 150w\" sizes=\"auto, (max-width: 800px) 100vw, 800px\" \/><\/p>\n<p>V\u1ecf nh\u1ef1a c\u00f3 kh\u1ea3 n\u0103ng ch\u1ed1ng ch\u1ecbu h\u00f3a ch\u1ea5t v\u00e0 d\u1ea7u t\u1ed1t.<\/p>\n<p>D\u00f9ng cho h\u1ec7 th\u00f4ng d\u00e2y chuy\u1ec1n s\u1ea3n xu\u1ea5t m\u00e0 kh\u00f4ng c\u00f3 s\u1ef1 tham gia tr\u1ef1c ti\u1ebfp c\u1ee7a con ng\u01b0\u1eddi: robot, m\u00e1y \u0111\u00f3ng g\u00f3i&#8230;<\/p>\n","protected":false},"excerpt":{"rendered":"<p><strong>\u0110\u1ea7u n\u1ed1i Murrelektronik 7000-08081-6100500 l\u00e0 \u0111\u1ea7u n\u1ed1i M8, female, 3 ch\u00e2n, 90\u00b0<\/strong><br \/>\n&#8211; <a href=\"https:\/\/en.wikipedia.org\/wiki\/IEC_metric_screw_sized_connectors\">A-cod.<\/a><br \/>\n&#8211; Chi\u1ec1u d\u00e0i c\u00e1p: 5 m\u00e9t<br \/>\n&#8211; V\u1eadt li\u1ec7u c\u00e1ch \u0111i\u1ec7n: PVC<br \/>\n&#8211; L\u00e0 \u0111\u1ea7u n\u1ed1i c\u00e1i (female)<\/p>\n","protected":false},"featured_media":8397,"template":"","meta":[],"product_brand":[],"product_cat":[15],"product_tag":[],"class_list":{"0":"post-8393","1":"product","2":"type-product","3":"status-publish","4":"has-post-thumbnail","6":"product_cat-murrelektronik","8":"first","9":"instock","10":"shipping-taxable","11":"product-type-simple"},"yoast_head":"<!-- This site is optimized with the Yoast SEO plugin v27.2 - https:\/\/yoast.com\/product\/yoast-seo-wordpress\/ -->\n<title>\u0110\u1ea7u n\u1ed1i M8 female 90\u00b0 A-cod Murrelektronik 7000-08081-6100500 - Omina<\/title>\n<meta name=\"robots\" content=\"index, follow, max-snippet:-1, max-image-preview:large, max-video-preview:-1\" \/>\n<link rel=\"canonical\" href=\"https:\/\/omina.com.vn\/en\/product\/dau-noi-m8-female-90-a-cod-murrelektronik-7000-08081-6100500\/\" \/>\n<meta property=\"og:locale\" content=\"en_US\" \/>\n<meta property=\"og:type\" content=\"article\" \/>\n<meta property=\"og:title\" content=\"\u0110\u1ea7u n\u1ed1i M8 female 90\u00b0 A-cod Murrelektronik 7000-08081-6100500 - Omina\" \/>\n<meta property=\"og:description\" content=\"\u0110\u1ea7u n\u1ed1i Murrelektronik 7000-08081-6100500 l\u00e0 \u0111\u1ea7u n\u1ed1i M8, female, 3 ch\u00e2n, 90\u00b0 - A-cod. - Chi\u1ec1u d\u00e0i c\u00e1p: 5 m\u00e9t - V\u1eadt li\u1ec7u c\u00e1ch \u0111i\u1ec7n: PVC - L\u00e0 \u0111\u1ea7u n\u1ed1i c\u00e1i (female)\" \/>\n<meta property=\"og:url\" content=\"https:\/\/omina.com.vn\/en\/product\/dau-noi-m8-female-90-a-cod-murrelektronik-7000-08081-6100500\/\" \/>\n<meta property=\"og:site_name\" content=\"Omina\" \/>\n<meta property=\"article:modified_time\" content=\"2025-09-11T00:50:19+00:00\" \/>\n<meta property=\"og:image\" content=\"https:\/\/omina.com.vn\/wp-content\/uploads\/sites\/2\/2024\/07\/Dau-noi-M8-female-90\u00b0-A-cod-Murrelektronik-7000-08081-6100500-header.jpg\" \/>\n\t<meta property=\"og:image:width\" content=\"508\" \/>\n\t<meta property=\"og:image:height\" content=\"508\" \/>\n\t<meta property=\"og:image:type\" content=\"image\/jpeg\" \/>\n<meta name=\"twitter:card\" content=\"summary_large_image\" \/>\n<meta name=\"twitter:label1\" content=\"Est. reading time\" \/>\n\t<meta name=\"twitter:data1\" content=\"1 minute\" \/>\n<script type=\"application\/ld+json\" class=\"yoast-schema-graph\">{\"@context\":\"https:\/\/schema.org\",\"@graph\":[{\"@type\":\"WebPage\",\"@id\":\"https:\/\/omina.com.vn\/en\/product\/dau-noi-m8-female-90-a-cod-murrelektronik-7000-08081-6100500\/\",\"url\":\"https:\/\/omina.com.vn\/en\/product\/dau-noi-m8-female-90-a-cod-murrelektronik-7000-08081-6100500\/\",\"name\":\"\u0110\u1ea7u n\u1ed1i M8 female 90\u00b0 A-cod Murrelektronik 7000-08081-6100500 - Omina\",\"isPartOf\":{\"@id\":\"https:\/\/omina.com.vn\/#website\"},\"primaryImageOfPage\":{\"@id\":\"https:\/\/omina.com.vn\/en\/product\/dau-noi-m8-female-90-a-cod-murrelektronik-7000-08081-6100500\/#primaryimage\"},\"image\":{\"@id\":\"https:\/\/omina.com.vn\/en\/product\/dau-noi-m8-female-90-a-cod-murrelektronik-7000-08081-6100500\/#primaryimage\"},\"thumbnailUrl\":\"https:\/\/omina.com.vn\/wp-content\/uploads\/sites\/2\/2024\/07\/Dau-noi-M8-female-90\u00b0-A-cod-Murrelektronik-7000-08081-6100500-header.jpg\",\"datePublished\":\"2024-07-23T14:55:27+00:00\",\"dateModified\":\"2025-09-11T00:50:19+00:00\",\"breadcrumb\":{\"@id\":\"https:\/\/omina.com.vn\/en\/product\/dau-noi-m8-female-90-a-cod-murrelektronik-7000-08081-6100500\/#breadcrumb\"},\"inLanguage\":\"en-US\",\"potentialAction\":[{\"@type\":\"ReadAction\",\"target\":[\"https:\/\/omina.com.vn\/en\/product\/dau-noi-m8-female-90-a-cod-murrelektronik-7000-08081-6100500\/\"]}]},{\"@type\":\"ImageObject\",\"inLanguage\":\"en-US\",\"@id\":\"https:\/\/omina.com.vn\/en\/product\/dau-noi-m8-female-90-a-cod-murrelektronik-7000-08081-6100500\/#primaryimage\",\"url\":\"https:\/\/omina.com.vn\/wp-content\/uploads\/sites\/2\/2024\/07\/Dau-noi-M8-female-90\u00b0-A-cod-Murrelektronik-7000-08081-6100500-header.jpg\",\"contentUrl\":\"https:\/\/omina.com.vn\/wp-content\/uploads\/sites\/2\/2024\/07\/Dau-noi-M8-female-90\u00b0-A-cod-Murrelektronik-7000-08081-6100500-header.jpg\",\"width\":508,\"height\":508,\"caption\":\"\u0110\u1ea7u n\u1ed1i M8 female 90\u00b0 A-cod Murrelektronik 7000-08081-6100500 - header\"},{\"@type\":\"BreadcrumbList\",\"@id\":\"https:\/\/omina.com.vn\/en\/product\/dau-noi-m8-female-90-a-cod-murrelektronik-7000-08081-6100500\/#breadcrumb\",\"itemListElement\":[{\"@type\":\"ListItem\",\"position\":1,\"name\":\"Home\",\"item\":\"https:\/\/omina.com.vn\/en\/\"},{\"@type\":\"ListItem\",\"position\":2,\"name\":\"Products\",\"item\":\"https:\/\/omina.com.vn\/san-pham\/\"},{\"@type\":\"ListItem\",\"position\":3,\"name\":\"\u0110\u1ea7u n\u1ed1i M8 female 90\u00b0 A-cod Murrelektronik 7000-08081-6100500\"}]},{\"@type\":\"WebSite\",\"@id\":\"https:\/\/omina.com.vn\/#website\",\"url\":\"https:\/\/omina.com.vn\/\",\"name\":\"Omina\",\"description\":\"\u0110i\u1ec7n T\u1ef1 \u0111\u1ed9ng c\u00f4ng nghi\u1ec7p\",\"potentialAction\":[{\"@type\":\"SearchAction\",\"target\":{\"@type\":\"EntryPoint\",\"urlTemplate\":\"https:\/\/omina.com.vn\/?s={search_term_string}\"},\"query-input\":{\"@type\":\"PropertyValueSpecification\",\"valueRequired\":true,\"valueName\":\"search_term_string\"}}],\"inLanguage\":\"en-US\"}]}<\/script>\n<!-- \/ Yoast SEO plugin. -->","yoast_head_json":{"title":"\u0110\u1ea7u n\u1ed1i M8 female 90\u00b0 A-cod Murrelektronik 7000-08081-6100500 - Omina","robots":{"index":"index","follow":"follow","max-snippet":"max-snippet:-1","max-image-preview":"max-image-preview:large","max-video-preview":"max-video-preview:-1"},"canonical":"https:\/\/omina.com.vn\/en\/product\/dau-noi-m8-female-90-a-cod-murrelektronik-7000-08081-6100500\/","og_locale":"en_US","og_type":"article","og_title":"\u0110\u1ea7u n\u1ed1i M8 female 90\u00b0 A-cod Murrelektronik 7000-08081-6100500 - Omina","og_description":"\u0110\u1ea7u n\u1ed1i Murrelektronik 7000-08081-6100500 l\u00e0 \u0111\u1ea7u n\u1ed1i M8, female, 3 ch\u00e2n, 90\u00b0 - A-cod. - Chi\u1ec1u d\u00e0i c\u00e1p: 5 m\u00e9t - V\u1eadt li\u1ec7u c\u00e1ch \u0111i\u1ec7n: PVC - L\u00e0 \u0111\u1ea7u n\u1ed1i c\u00e1i (female)","og_url":"https:\/\/omina.com.vn\/en\/product\/dau-noi-m8-female-90-a-cod-murrelektronik-7000-08081-6100500\/","og_site_name":"Omina","article_modified_time":"2025-09-11T00:50:19+00:00","og_image":[{"width":508,"height":508,"url":"https:\/\/omina.com.vn\/wp-content\/uploads\/sites\/2\/2024\/07\/Dau-noi-M8-female-90\u00b0-A-cod-Murrelektronik-7000-08081-6100500-header.jpg","type":"image\/jpeg"}],"twitter_card":"summary_large_image","twitter_misc":{"Est. reading time":"1 minute"},"schema":{"@context":"https:\/\/schema.org","@graph":[{"@type":"WebPage","@id":"https:\/\/omina.com.vn\/en\/product\/dau-noi-m8-female-90-a-cod-murrelektronik-7000-08081-6100500\/","url":"https:\/\/omina.com.vn\/en\/product\/dau-noi-m8-female-90-a-cod-murrelektronik-7000-08081-6100500\/","name":"\u0110\u1ea7u n\u1ed1i M8 female 90\u00b0 A-cod Murrelektronik 7000-08081-6100500 - Omina","isPartOf":{"@id":"https:\/\/omina.com.vn\/#website"},"primaryImageOfPage":{"@id":"https:\/\/omina.com.vn\/en\/product\/dau-noi-m8-female-90-a-cod-murrelektronik-7000-08081-6100500\/#primaryimage"},"image":{"@id":"https:\/\/omina.com.vn\/en\/product\/dau-noi-m8-female-90-a-cod-murrelektronik-7000-08081-6100500\/#primaryimage"},"thumbnailUrl":"https:\/\/omina.com.vn\/wp-content\/uploads\/sites\/2\/2024\/07\/Dau-noi-M8-female-90\u00b0-A-cod-Murrelektronik-7000-08081-6100500-header.jpg","datePublished":"2024-07-23T14:55:27+00:00","dateModified":"2025-09-11T00:50:19+00:00","breadcrumb":{"@id":"https:\/\/omina.com.vn\/en\/product\/dau-noi-m8-female-90-a-cod-murrelektronik-7000-08081-6100500\/#breadcrumb"},"inLanguage":"en-US","potentialAction":[{"@type":"ReadAction","target":["https:\/\/omina.com.vn\/en\/product\/dau-noi-m8-female-90-a-cod-murrelektronik-7000-08081-6100500\/"]}]},{"@type":"ImageObject","inLanguage":"en-US","@id":"https:\/\/omina.com.vn\/en\/product\/dau-noi-m8-female-90-a-cod-murrelektronik-7000-08081-6100500\/#primaryimage","url":"https:\/\/omina.com.vn\/wp-content\/uploads\/sites\/2\/2024\/07\/Dau-noi-M8-female-90\u00b0-A-cod-Murrelektronik-7000-08081-6100500-header.jpg","contentUrl":"https:\/\/omina.com.vn\/wp-content\/uploads\/sites\/2\/2024\/07\/Dau-noi-M8-female-90\u00b0-A-cod-Murrelektronik-7000-08081-6100500-header.jpg","width":508,"height":508,"caption":"\u0110\u1ea7u n\u1ed1i M8 female 90\u00b0 A-cod Murrelektronik 7000-08081-6100500 - header"},{"@type":"BreadcrumbList","@id":"https:\/\/omina.com.vn\/en\/product\/dau-noi-m8-female-90-a-cod-murrelektronik-7000-08081-6100500\/#breadcrumb","itemListElement":[{"@type":"ListItem","position":1,"name":"Home","item":"https:\/\/omina.com.vn\/en\/"},{"@type":"ListItem","position":2,"name":"Products","item":"https:\/\/omina.com.vn\/san-pham\/"},{"@type":"ListItem","position":3,"name":"\u0110\u1ea7u n\u1ed1i M8 female 90\u00b0 A-cod Murrelektronik 7000-08081-6100500"}]},{"@type":"WebSite","@id":"https:\/\/omina.com.vn\/#website","url":"https:\/\/omina.com.vn\/","name":"Omina","description":"\u0110i\u1ec7n T\u1ef1 \u0111\u1ed9ng c\u00f4ng nghi\u1ec7p","potentialAction":[{"@type":"SearchAction","target":{"@type":"EntryPoint","urlTemplate":"https:\/\/omina.com.vn\/?s={search_term_string}"},"query-input":{"@type":"PropertyValueSpecification","valueRequired":true,"valueName":"search_term_string"}}],"inLanguage":"en-US"}]}},"_links":{"self":[{"href":"https:\/\/omina.com.vn\/en\/wp-json\/wp\/v2\/product\/8393","targetHints":{"allow":["GET"]}}],"collection":[{"href":"https:\/\/omina.com.vn\/en\/wp-json\/wp\/v2\/product"}],"about":[{"href":"https:\/\/omina.com.vn\/en\/wp-json\/wp\/v2\/types\/product"}],"wp:featuredmedia":[{"embeddable":true,"href":"https:\/\/omina.com.vn\/en\/wp-json\/wp\/v2\/media\/8397"}],"wp:attachment":[{"href":"https:\/\/omina.com.vn\/en\/wp-json\/wp\/v2\/media?parent=8393"}],"wp:term":[{"taxonomy":"product_brand","embeddable":true,"href":"https:\/\/omina.com.vn\/en\/wp-json\/wp\/v2\/product_brand?post=8393"},{"taxonomy":"product_cat","embeddable":true,"href":"https:\/\/omina.com.vn\/en\/wp-json\/wp\/v2\/product_cat?post=8393"},{"taxonomy":"product_tag","embeddable":true,"href":"https:\/\/omina.com.vn\/en\/wp-json\/wp\/v2\/product_tag?post=8393"}],"curies":[{"name":"wp","href":"https:\/\/api.w.org\/{rel}","templated":true}]}}